{"id":24,"date":"2026-03-17T19:00:18","date_gmt":"2026-03-18T01:00:18","guid":{"rendered":"https:\/\/www.pdbjglobal.com\/?page_id=24"},"modified":"2026-03-17T19:00:19","modified_gmt":"2026-03-18T01:00:19","slug":"servicios","status":"publish","type":"page","link":"https:\/\/www.pdbjglobal.com\/index.php\/servicios\/","title":{"rendered":"SERVICIOS"},"content":{"rendered":"\n<p><strong>\ud83e\udde9 SERVICIOS<\/strong><\/p>\n\n\n\n<p><strong>Soluciones Integrales PDBJ S.R.L.<\/strong><br><strong>Elaborado por: Lic. Patrick Willeth Rodr\u00edguez Vega, Director estrategico<\/strong><\/p>\n\n\n\n<h1 class=\"wp-block-heading\"><strong>\ud83c\udfaf \u00bfQu\u00e9 ofrecemos?<\/strong><\/h1>\n\n\n\n<p>En Soluciones Integrales PDBJ S.R.L. brindamos servicios especializados a trav\u00e9s de un ecosistema de proyectos que integran educaci\u00f3n, tecnolog\u00eda y soluciones log\u00edsticas.<\/p>\n\n\n\n<p>Nuestro enfoque se basa en ofrecer soluciones pr\u00e1cticas, accesibles y adaptadas a las necesidades reales de cada persona, instituci\u00f3n o empresa.<\/p>\n\n\n\n<h2 class=\"wp-block-heading\"><strong>\ud83e\udde0 <a href=\"https:\/\/menteclara-neuropsicologia-neuroeducacion-inteligenciaemocional.com\/\" target=\"_blank\" rel=\"noopener\">MenteClara<\/a><\/strong><\/h2>\n\n\n\n<p><strong>Explorando la Neuroeducaci\u00f3n y la Inteligencia Emocional<\/strong><\/p>\n\n\n\n<p>Ofrecemos servicios orientados al desarrollo personal, educativo y profesional, con base en la neuroeducaci\u00f3n, neuropsicolog\u00eda y la inteligencia emocional.<\/p>\n\n\n\n<p><strong>\u2714 Cursos<\/strong><\/p>\n\n\n\n<p>Programas formativos dise\u00f1ados para fortalecer habilidades emocionales, cognitivas y sociales, aplicables en contextos educativos, familiares y laborales.<\/p>\n\n\n\n<p><strong>\u2714 Asesor\u00edas<\/strong><\/p>\n\n\n\n<p>Acompa\u00f1amiento personalizado para:<\/p>\n\n\n\n<ul class=\"wp-block-list\">\n<li>docentes<\/li>\n\n\n\n<li>familias<\/li>\n\n\n\n<li>profesionales<\/li>\n<\/ul>\n\n\n\n<p>En temas como:<\/p>\n\n\n\n<ul class=\"wp-block-list\">\n<li>regulaci\u00f3n emocional<\/li>\n\n\n\n<li>conducta<\/li>\n\n\n\n<li>estrategias educativas<\/li>\n<\/ul>\n\n\n\n<p><strong>\u2714 Webinars<\/strong><\/p>\n\n\n\n<p>Espacios virtuales de formaci\u00f3n accesibles y actualizados, con enfoque pr\u00e1ctico y aplicable a la vida diaria.<\/p>\n\n\n\n<p>\ud83d\udc49 Enfoque: humano, educativo y transformador<\/p>\n\n\n\n<h2 class=\"wp-block-heading\"><strong>\ud83d\udcbb <a href=\"https:\/\/www.multemas.com\/\" target=\"_blank\" rel=\"noopener\">MulTemaS<\/a><\/strong><\/h2>\n\n\n\n<p><strong>Tecnolog\u00eda sin fronteras para todos<\/strong><\/p>\n\n\n\n<p>Desarrollamos soluciones tecnol\u00f3gicas accesibles, inclusivas e innovadoras, orientadas a mejorar la experiencia digital de las personas.<\/p>\n\n\n\n<p><strong>\u2714 Accesibilidad digital<\/strong><\/p>\n\n\n\n<p>Evaluaci\u00f3n y mejora de sitios web, plataformas y sistemas para garantizar que sean utilizables por todas las personas, incluyendo usuarios con discapacidad.<\/p>\n\n\n\n<p><strong>\u2714 Auditor\u00edas de accesibilidad<\/strong><\/p>\n\n\n\n<p>An\u00e1lisis t\u00e9cnico y funcional basado en est\u00e1ndares internacionales (WCAG), que permite:<\/p>\n\n\n\n<ul class=\"wp-block-list\">\n<li>identificar barreras digitales<\/li>\n\n\n\n<li>mejorar la usabilidad<\/li>\n\n\n\n<li>reducir riesgos legales<\/li>\n<\/ul>\n\n\n\n<p><strong>\u2714 Desarrollo tecnol\u00f3gico<\/strong><\/p>\n\n\n\n<p>Creaci\u00f3n de soluciones digitales accesibles:<\/p>\n\n\n\n<ul class=\"wp-block-list\">\n<li>p\u00e1ginas web<\/li>\n\n\n\n<li>plataformas educativas<\/li>\n\n\n\n<li>herramientas tecnol\u00f3gicas<\/li>\n<\/ul>\n\n\n\n<p>\ud83d\udc49 Enfoque: inclusi\u00f3n, innovaci\u00f3n y cumplimiento t\u00e9cnico<\/p>\n\n\n\n<h2 class=\"wp-block-heading\"><strong>\ud83d\udce6 <a href=\"https:\/\/www.facebook.com\/share\/1Ke6HsD1Hj\/?mibextid=wwXIfr\" target=\"_blank\" rel=\"noopener\">Tico Container Rentar<\/a><\/strong><\/h2>\n\n\n\n<p><strong>Soluciones log\u00edsticas modulares<\/strong><\/p>\n\n\n\n<p>Brindamos alternativas pr\u00e1cticas y eficientes mediante el uso de contenedores adaptados a distintas necesidades.<\/p>\n\n\n\n<p><strong>\u2714 Alquiler de contenedores<\/strong><\/p>\n\n\n\n<p>Disponibilidad de contenedores para uso:<\/p>\n\n\n\n<ul class=\"wp-block-list\">\n<li>comercial<\/li>\n\n\n\n<li>almacenamiento<\/li>\n\n\n\n<li>proyectos temporales<\/li>\n<\/ul>\n\n\n\n<p><strong>\u2714 Soluciones log\u00edsticas<\/strong><\/p>\n\n\n\n<p>Dise\u00f1o de soluciones adaptadas como:<\/p>\n\n\n\n<ul class=\"wp-block-list\">\n<li>oficinas m\u00f3viles<\/li>\n\n\n\n<li>espacios funcionales<\/li>\n\n\n\n<li>estructuras modulares<\/li>\n<\/ul>\n\n\n\n<p>\ud83d\udc49 Enfoque: funcionalidad, eficiencia y adaptabilidad<\/p>\n\n\n\n<h2 class=\"wp-block-heading\"><strong>\ud83e\udd1d Nuestro enfoque de servicio<\/strong><\/h2>\n\n\n\n<p>Todos nuestros servicios comparten principios fundamentales:<\/p>\n\n\n\n<ul class=\"wp-block-list\">\n<li>\u2714 Atenci\u00f3n personalizada<\/li>\n\n\n\n<li>\u2714 Soluciones adaptadas a cada necesidad<\/li>\n\n\n\n<li>\u2714 Enfoque accesible e inclusivo<\/li>\n\n\n\n<li>\u2714 Compromiso con la calidad<\/li>\n\n\n\n<li>\u2714 Innovaci\u00f3n constante<\/li>\n<\/ul>\n\n\n\n<h2 class=\"wp-block-heading\"><strong>\ud83d\ude80 \u00bfC\u00f3mo podemos ayudarte?<\/strong><\/h2>\n\n\n\n<p>Cada proyecto, persona o empresa tiene necesidades diferentes.<\/p>\n\n\n\n<p>\ud83d\udc49 Por eso, en Soluciones Integrales PDBJ S.R.L. trabajamos contigo para encontrar la mejor soluci\u00f3n.<\/p>\n\n\n\n<h2 class=\"wp-block-heading\"><strong>\ud83d\udce9 Cont\u00e1ctanos<\/strong><\/h2>\n\n\n\n<p>\u00bfDeseas m\u00e1s informaci\u00f3n sobre nuestros servicios?<\/p>\n\n\n\n<p>\ud83d\udc49 Estamos listos para ayudarte.<\/p>\n\n\n\n<p>Correo electr\u00f3nico: <a href=\"mailto:info@pdbjglobal.com\">info@pdbjglobal.com<\/a><\/p>\n\n\n\n<p>Tel\u00e9fono: +50662944128<\/p>\n","protected":false},"excerpt":{"rendered":"<p>\ud83e\udde9 SERVICIOS Soluciones Integrales PDBJ S.R.L.Elaborado por: Lic. Patrick Willeth Rodr\u00edguez Vega, Director estrategico \ud83c\udfaf \u00bfQu\u00e9 ofrecemos? En Soluciones Integrales PDBJ S.R.L. brindamos servicios especializados a trav\u00e9s de un ecosistema de proyectos que integran educaci\u00f3n, tecnolog\u00eda y soluciones log\u00edsticas. Nuestro enfoque se basa en ofrecer soluciones pr\u00e1cticas, accesibles y adaptadas a las necesidades reales de&hellip; <a class=\"more-link\" href=\"https:\/\/www.pdbjglobal.com\/index.php\/servicios\/\">Seguir leyendo <span class=\"screen-reader-text\">SERVICIOS<\/span><\/a><\/p>\n","protected":false},"author":1,"featured_media":0,"parent":0,"menu_order":0,"comment_status":"closed","ping_status":"closed","template":"","meta":{"footnotes":""},"class_list":["post-24","page","type-page","status-publish","hentry","entry"],"_links":{"self":[{"href":"https:\/\/www.pdbjglobal.com\/index.php\/wp-json\/wp\/v2\/pages\/24","targetHints":{"allow":["GET"]}}],"collection":[{"href":"https:\/\/www.pdbjglobal.com\/index.php\/wp-json\/wp\/v2\/pages"}],"about":[{"href":"https:\/\/www.pdbjglobal.com\/index.php\/wp-json\/wp\/v2\/types\/page"}],"author":[{"embeddable":true,"href":"https:\/\/www.pdbjglobal.com\/index.php\/wp-json\/wp\/v2\/users\/1"}],"replies":[{"embeddable":true,"href":"https:\/\/www.pdbjglobal.com\/index.php\/wp-json\/wp\/v2\/comments?post=24"}],"version-history":[{"count":1,"href":"https:\/\/www.pdbjglobal.com\/index.php\/wp-json\/wp\/v2\/pages\/24\/revisions"}],"predecessor-version":[{"id":25,"href":"https:\/\/www.pdbjglobal.com\/index.php\/wp-json\/wp\/v2\/pages\/24\/revisions\/25"}],"wp:attachment":[{"href":"https:\/\/www.pdbjglobal.com\/index.php\/wp-json\/wp\/v2\/media?parent=24"}],"curies":[{"name":"wp","href":"https:\/\/api.w.org\/{rel}","templated":true}]}}